{"id":79,"date":"2024-01-15T08:13:04","date_gmt":"2024-01-15T07:13:04","guid":{"rendered":"https:\/\/edgecamp.pl\/?page_id=79"},"modified":"2024-01-15T08:13:05","modified_gmt":"2024-01-15T07:13:05","slug":"lodowisko-jantor-arena","status":"publish","type":"page","link":"https:\/\/edgecamp.pl\/index.php\/lokalizacja\/lodowisko-jantor-arena\/","title":{"rendered":"Lodowisko Jantor Arena"},"content":{"rendered":"\n<p>Lodowisko wchodzi w sk\u0142ad ca\u0142orocznego obiektu sportowo\u2013widowiskowego Jantor w Katowicach.\u00a0Na obiekt sk\u0142adaj\u0105 si\u0119 dwa lodowiska, sala gimnastyczna i sala baletowa \/ si\u0142ownia. Zlokalizowane jest w pobli\u017cu centrum miasta. Sztuczne lodowisko jest pe\u0142nowymiarowe, a widownia mo\u017ce pomie\u015bci\u0107 1400 os\u00f3b. Organizowane s\u0105 tutaj r\u00f3\u017cne wydarzenia, zawody i pokazy. Przy obiekcie znajduje si\u0119 parking.<\/p>\n","protected":false},"excerpt":{"rendered":"<p>Lodowisko wchodzi w sk\u0142ad ca\u0142orocznego obiektu sportowo\u2013widowiskowego Jantor w Katowicach.\u00a0Na obiekt sk\u0142adaj\u0105 si\u0119 dwa lodowiska, sala gimnastyczna i sala baletowa \/ si\u0142ownia. Zlokalizowane jest w pobli\u017cu centrum miasta. Sztuczne lodowisko jest pe\u0142nowymiarowe, a widownia mo\u017ce pomie\u015bci\u0107 1400 os\u00f3b. Organizowane s\u0105 tutaj r\u00f3\u017cne wydarzenia, zawody i pokazy. Przy obiekcie znajduje si\u0119 parking.<\/p>\n","protected":false},"author":1,"featured_media":77,"parent":66,"menu_order":0,"comment_status":"closed","ping_status":"closed","template":"","meta":{"footnotes":""},"class_list":["post-79","page","type-page","status-publish","has-post-thumbnail","hentry"],"_links":{"self":[{"href":"https:\/\/edgecamp.pl\/index.php\/wp-json\/wp\/v2\/pages\/79","targetHints":{"allow":["GET"]}}],"collection":[{"href":"https:\/\/edgecamp.pl\/index.php\/wp-json\/wp\/v2\/pages"}],"about":[{"href":"https:\/\/edgecamp.pl\/index.php\/wp-json\/wp\/v2\/types\/page"}],"author":[{"embeddable":true,"href":"https:\/\/edgecamp.pl\/index.php\/wp-json\/wp\/v2\/users\/1"}],"replies":[{"embeddable":true,"href":"https:\/\/edgecamp.pl\/index.php\/wp-json\/wp\/v2\/comments?post=79"}],"version-history":[{"count":1,"href":"https:\/\/edgecamp.pl\/index.php\/wp-json\/wp\/v2\/pages\/79\/revisions"}],"predecessor-version":[{"id":80,"href":"https:\/\/edgecamp.pl\/index.php\/wp-json\/wp\/v2\/pages\/79\/revisions\/80"}],"up":[{"embeddable":true,"href":"https:\/\/edgecamp.pl\/index.php\/wp-json\/wp\/v2\/pages\/66"}],"wp:featuredmedia":[{"embeddable":true,"href":"https:\/\/edgecamp.pl\/index.php\/wp-json\/wp\/v2\/media\/77"}],"wp:attachment":[{"href":"https:\/\/edgecamp.pl\/index.php\/wp-json\/wp\/v2\/media?parent=79"}],"curies":[{"name":"wp","href":"https:\/\/api.w.org\/{rel}","templated":true}]}}