{"id":74,"date":"2024-01-15T08:07:50","date_gmt":"2024-01-15T07:07:50","guid":{"rendered":"https:\/\/edgecamp.pl\/?page_id=74"},"modified":"2024-03-17T18:41:27","modified_gmt":"2024-03-17T17:41:27","slug":"miasto-katowice","status":"publish","type":"page","link":"https:\/\/edgecamp.pl\/index.php\/lokalizacja\/miasto-katowice\/","title":{"rendered":"Miasto Katowice"},"content":{"rendered":"\n<p>Stolica trzymilionowej aglomeracji g\u00f3rno\u015bl\u0105skiej, a tak\u017ce najszybciej rozwijaj\u0105ca si\u0119 polska metropolia. Przez ostatni\u0105 dekad\u0119 miasto odnotowuje b\u0142yskawiczny progres gospodarczy, przede wszystkim dzi\u0119ki konsekwentnej polityce inwestycyjnej oraz zr\u0119cznemu wykorzystaniu doskona\u0142ej lokalizacji geograficznej.<\/p>\n\n\n\n<p>\u0141y\u017cwiarstwo figurowe w Katowicach rozwija si\u0119 od oko\u0142o 1906 roku. W barwach katowickich klub\u00f3w sportowych \u0142y\u017cwiarze konkurowali na najwy\u017cszym poziomie, reprezentuj\u0105c Polsk\u0119 na Mistrzostwach Europy, \u015awiata i Igrzyskach Olimpijskich.<\/p>\n","protected":false},"excerpt":{"rendered":"<p>Stolica trzymilionowej aglomeracji g\u00f3rno\u015bl\u0105skiej, a tak\u017ce najszybciej rozwijaj\u0105ca si\u0119 polska metropolia. Przez ostatni\u0105 dekad\u0119 miasto odnotowuje b\u0142yskawiczny progres gospodarczy, przede wszystkim dzi\u0119ki konsekwentnej polityce inwestycyjnej oraz zr\u0119cznemu wykorzystaniu doskona\u0142ej lokalizacji geograficznej. \u0141y\u017cwiarstwo figurowe w Katowicach rozwija si\u0119 od oko\u0142o 1906 roku. W barwach katowickich klub\u00f3w sportowych \u0142y\u017cwiarze konkurowali na najwy\u017cszym poziomie, reprezentuj\u0105c Polsk\u0119 na Mistrzostwach &hellip; <\/p>\n<p class=\"link-more\"><a href=\"https:\/\/edgecamp.pl\/index.php\/lokalizacja\/miasto-katowice\/\" class=\"more-link\">Czytaj dalej<span class=\"screen-reader-text\"> \u201eMiasto Katowice\u201d<\/span><\/a><\/p>\n","protected":false},"author":1,"featured_media":197,"parent":66,"menu_order":0,"comment_status":"closed","ping_status":"closed","template":"","meta":{"footnotes":""},"class_list":["post-74","page","type-page","status-publish","has-post-thumbnail","hentry"],"_links":{"self":[{"href":"https:\/\/edgecamp.pl\/index.php\/wp-json\/wp\/v2\/pages\/74","targetHints":{"allow":["GET"]}}],"collection":[{"href":"https:\/\/edgecamp.pl\/index.php\/wp-json\/wp\/v2\/pages"}],"about":[{"href":"https:\/\/edgecamp.pl\/index.php\/wp-json\/wp\/v2\/types\/page"}],"author":[{"embeddable":true,"href":"https:\/\/edgecamp.pl\/index.php\/wp-json\/wp\/v2\/users\/1"}],"replies":[{"embeddable":true,"href":"https:\/\/edgecamp.pl\/index.php\/wp-json\/wp\/v2\/comments?post=74"}],"version-history":[{"count":1,"href":"https:\/\/edgecamp.pl\/index.php\/wp-json\/wp\/v2\/pages\/74\/revisions"}],"predecessor-version":[{"id":75,"href":"https:\/\/edgecamp.pl\/index.php\/wp-json\/wp\/v2\/pages\/74\/revisions\/75"}],"up":[{"embeddable":true,"href":"https:\/\/edgecamp.pl\/index.php\/wp-json\/wp\/v2\/pages\/66"}],"wp:featuredmedia":[{"embeddable":true,"href":"https:\/\/edgecamp.pl\/index.php\/wp-json\/wp\/v2\/media\/197"}],"wp:attachment":[{"href":"https:\/\/edgecamp.pl\/index.php\/wp-json\/wp\/v2\/media?parent=74"}],"curies":[{"name":"wp","href":"https:\/\/api.w.org\/{rel}","templated":true}]}}