{"id":60,"date":"2024-01-15T08:00:54","date_gmt":"2024-01-15T07:00:54","guid":{"rendered":"https:\/\/edgecamp.pl\/?page_id=60"},"modified":"2024-01-15T08:00:54","modified_gmt":"2024-01-15T07:00:54","slug":"edge-camp-2","status":"publish","type":"page","link":"https:\/\/edgecamp.pl\/","title":{"rendered":"EDGE Camp"},"content":{"rendered":"\n<p><strong>Witamy na stronie internetowej EDGE Camp!<\/strong><\/p>\n\n\n\n<p>Zapraszamy do zapoznania si\u0119 z nasz\u0105 ofert\u0105 oboz\u00f3w sportowych dla \u0142y\u017cwiarzy figurowych!<\/p>\n\n\n\n<p>Profesjonalny zesp\u00f3\u0142 trener\u00f3w w po\u0142\u0105czeniu z dobrze przygotowanymi o\u015brodkami zapewnia, \u017ce czas sp\u0119dzony na naszych obozach b\u0119dzie dobrze wykorzystany.<\/p>\n","protected":false},"excerpt":{"rendered":"<p>Witamy na stronie internetowej EDGE Camp! Zapraszamy do zapoznania si\u0119 z nasz\u0105 ofert\u0105 oboz\u00f3w sportowych dla \u0142y\u017cwiarzy figurowych! Profesjonalny zesp\u00f3\u0142 trener\u00f3w w po\u0142\u0105czeniu z dobrze przygotowanymi o\u015brodkami zapewnia, \u017ce czas sp\u0119dzony na naszych obozach b\u0119dzie dobrze wykorzystany.<\/p>\n","protected":false},"author":1,"featured_media":0,"parent":0,"menu_order":0,"comment_status":"closed","ping_status":"closed","template":"","meta":{"footnotes":""},"class_list":["post-60","page","type-page","status-publish","hentry"],"_links":{"self":[{"href":"https:\/\/edgecamp.pl\/index.php\/wp-json\/wp\/v2\/pages\/60","targetHints":{"allow":["GET"]}}],"collection":[{"href":"https:\/\/edgecamp.pl\/index.php\/wp-json\/wp\/v2\/pages"}],"about":[{"href":"https:\/\/edgecamp.pl\/index.php\/wp-json\/wp\/v2\/types\/page"}],"author":[{"embeddable":true,"href":"https:\/\/edgecamp.pl\/index.php\/wp-json\/wp\/v2\/users\/1"}],"replies":[{"embeddable":true,"href":"https:\/\/edgecamp.pl\/index.php\/wp-json\/wp\/v2\/comments?post=60"}],"version-history":[{"count":1,"href":"https:\/\/edgecamp.pl\/index.php\/wp-json\/wp\/v2\/pages\/60\/revisions"}],"predecessor-version":[{"id":62,"href":"https:\/\/edgecamp.pl\/index.php\/wp-json\/wp\/v2\/pages\/60\/revisions\/62"}],"wp:attachment":[{"href":"https:\/\/edgecamp.pl\/index.php\/wp-json\/wp\/v2\/media?parent=60"}],"curies":[{"name":"wp","href":"https:\/\/api.w.org\/{rel}","templated":true}]}}