{"id":291,"date":"2024-04-20T12:57:40","date_gmt":"2024-04-20T10:57:40","guid":{"rendered":"https:\/\/edgecamp.pl\/?page_id=291"},"modified":"2024-04-20T12:57:40","modified_gmt":"2024-04-20T10:57:40","slug":"trenerzy","status":"publish","type":"page","link":"https:\/\/edgecamp.pl\/index.php\/trenerzy\/","title":{"rendered":"Trenerzy"},"content":{"rendered":"\n<p><strong>Przemys\u0142aw Doma\u0144ski<\/strong><\/p>\n\n\n\n<div class=\"wp-block-group\"><div class=\"wp-block-group__inner-container is-layout-constrained wp-block-group-is-layout-constrained\">\n<div class=\"wp-block-media-text is-stacked-on-mobile\" style=\"grid-template-columns:43% auto\"><figure class=\"wp-block-media-text__media\"><img loading=\"lazy\" decoding=\"async\" width=\"1024\" height=\"1024\" src=\"https:\/\/edgecamp.pl\/wp-content\/uploads\/2024\/04\/215219418_879941552605384_8397461685381171134_n-1024x1024.jpg\" alt=\"\" class=\"wp-image-292 size-full\" srcset=\"https:\/\/edgecamp.pl\/wp-content\/uploads\/2024\/04\/215219418_879941552605384_8397461685381171134_n-1024x1024.jpg 1024w, https:\/\/edgecamp.pl\/wp-content\/uploads\/2024\/04\/215219418_879941552605384_8397461685381171134_n-300x300.jpg 300w, https:\/\/edgecamp.pl\/wp-content\/uploads\/2024\/04\/215219418_879941552605384_8397461685381171134_n-150x150.jpg 150w, https:\/\/edgecamp.pl\/wp-content\/uploads\/2024\/04\/215219418_879941552605384_8397461685381171134_n-768x768.jpg 768w, https:\/\/edgecamp.pl\/wp-content\/uploads\/2024\/04\/215219418_879941552605384_8397461685381171134_n-100x100.jpg 100w, https:\/\/edgecamp.pl\/wp-content\/uploads\/2024\/04\/215219418_879941552605384_8397461685381171134_n.jpg 1200w\" sizes=\"auto, (max-width: 767px) 89vw, (max-width: 1000px) 54vw, (max-width: 1071px) 543px, 580px\" \/><\/figure><div class=\"wp-block-media-text__content\">\n<p>(ur. 27 czerwca 1986 w Warszawie) \u2013 polski \u0142y\u017cwiarz figurowy, startuj\u0105cy w konkurencji solist\u00f3w. Uczestnik igrzysk olimpijskich (2010), mistrzostw Europy i \u015bwiata, medalista zawod\u00f3w mi\u0119dzynarodowych, czterokrotny mistrz Polski (2006, 2007, 2009, 2011). Zako\u0144czy\u0142 karier\u0119 amatorsk\u0105 w 2011 roku.<\/p>\n<\/div><\/div>\n\n\n\n<p>Przygod\u0119 z \u0142y\u017cwiarstwem figurowym rozpocz\u0105\u0142 w 1991 roku. Zdoby\u0142 kilka tytu\u0142\u00f3w<br>Wicemistrza i Mistrza Polski w klasach m\u0142odszych, kilkukrotnie zwyci\u0119\u017cy\u0142 w Klubowym Pucharze Europy. W 2001 roku przeni\u00f3s\u0142 si\u0119 do Katowic, gdzie trenowa\u0142 pod opiek\u0105 Marii Domaga\u0142y w klubie UK\u0141 Spin Katowice. W latach 2001 \u2013 2010 by\u0142 podpor\u0105 Reprezentacji Polski. Jego aktualny bilans to tytu\u0142 Mistrza Polski Junior\u00f3w oraz cztery tytu\u0142y Mistrza Polski Senior\u00f3w. W latach 2003-2005 reprezentowa\u0142 Polsk\u0119 w mistrzostwach \u015bwiata junior\u00f3w, najwy\u017csze 14. miejsce zdobywaj\u0105c w 2005. Czterokrotnie startowa\u0142 w mistrzostwach Europy zdobywaj\u0105c w 2004 33. miejsce, w 2006 28. i w 2007 20 miejsce i w 2009 17 miejsce. W Mistrzostwach \u015awiata 2009 zaj\u0105\u0142 23 miejsce i zdoby\u0142 kwalifikacj\u0119 na Igrzyska Olimpijskie Vancouver 2010. Na Igrzyskach Olimpijskich Vancouver 2010 zaj\u0105\u0142 28 miejsce. Karier\u0119 zako\u0144czy\u0142 w grudniu 2010 roku, po Mistrzostwach Polski, gdzie ponownie zdoby\u0142 tytu\u0142 Mistrza Polski. <\/p>\n\n\n\n<p>W latach nast\u0119pnych wyst\u0119powa\u0142 w pokazach i rewiach \u0142y\u017cwiarstwa figurowego. Uko\u0144czy\u0142 AWF w Katowicach w 2014 roku z tytu\u0142em licencjata na kierunku Wychowanie fizyczne i gimnastyka korekcyjna. W latach 2012 \u2013 2017 by\u0142 trenerem w klubie UK\u0141 Spin Katowice. Obecnie wsp\u00f3\u0142pracuje z wieloma klubami w Polsce i rozwija sw\u00f3j projekt \u2013 EDGE Skating<br>Academy, kt\u00f3ry po zaledwie 5 latach istnienia sta\u0142 si\u0119 jednym z czo\u0142owych klub\u00f3w \u0142y\u017cwiarstwa figurowego w Polsce. <\/p>\n\n\n\n<p>Trener \u0142y\u017cwiarstwa figurowego II klasy, Trener Koordynator w KS \u201cEDGE\u201d Skating Academy.<\/p>\n<\/div><\/div>\n\n\n\n<p><strong>Bo\u017cena Bernadowska<\/strong><\/p>\n\n\n\n<div class=\"wp-block-media-text is-stacked-on-mobile\" style=\"grid-template-columns:43% auto\"><figure class=\"wp-block-media-text__media\"><img loading=\"lazy\" decoding=\"async\" width=\"511\" height=\"512\" src=\"https:\/\/edgecamp.pl\/wp-content\/uploads\/2024\/04\/unnamed.jpg\" alt=\"\" class=\"wp-image-299 size-full\" srcset=\"https:\/\/edgecamp.pl\/wp-content\/uploads\/2024\/04\/unnamed.jpg 511w, https:\/\/edgecamp.pl\/wp-content\/uploads\/2024\/04\/unnamed-300x300.jpg 300w, https:\/\/edgecamp.pl\/wp-content\/uploads\/2024\/04\/unnamed-150x150.jpg 150w, https:\/\/edgecamp.pl\/wp-content\/uploads\/2024\/04\/unnamed-100x100.jpg 100w\" sizes=\"auto, (max-width: 511px) 100vw, 511px\" \/><\/figure><div class=\"wp-block-media-text__content\">\n<p>Trener I klasy \u0141y\u017cwiarstwa Figurowego, wybitny szkoleniowiec, pedagog. Ju\u017c na pocz\u0105tku swojej kariery trenerskiej pod okiem znale\u017ali si\u0119 zawodnicy Kadry Narodowej Polski. Podopieczni p. Bo\u017ceny Bernadowskiej wielokrotnie zdobywali tytu\u0142y Mistrzostw Polski oraz medale na zawodach mi\u0119dzynarodowych. Jednym z najwi\u0119kszych sukces\u00f3w to wywalczony br\u0105zowy medal Mistrzostw \u015awiata Junior\u00f3w debiutuj\u0105cej pary Iwony Filipowicz i Micha\u0142a Szumskiego.<\/p>\n<\/div><\/div>\n\n\n\n<p><strong>Maciej Bernadowski<\/strong><\/p>\n\n\n\n<div class=\"wp-block-media-text is-stacked-on-mobile is-vertically-aligned-top\" style=\"grid-template-columns:44% auto\"><figure class=\"wp-block-media-text__media\"><img loading=\"lazy\" decoding=\"async\" width=\"566\" height=\"1024\" src=\"http:\/\/edgecamp.pl\/wp-content\/uploads\/2024\/04\/20240420_120043-1-566x1024.jpg\" alt=\"\" class=\"wp-image-314 size-full\" srcset=\"https:\/\/edgecamp.pl\/wp-content\/uploads\/2024\/04\/20240420_120043-1-566x1024.jpg 566w, https:\/\/edgecamp.pl\/wp-content\/uploads\/2024\/04\/20240420_120043-1-166x300.jpg 166w, https:\/\/edgecamp.pl\/wp-content\/uploads\/2024\/04\/20240420_120043-1-768x1390.jpg 768w, https:\/\/edgecamp.pl\/wp-content\/uploads\/2024\/04\/20240420_120043-1-849x1536.jpg 849w, https:\/\/edgecamp.pl\/wp-content\/uploads\/2024\/04\/20240420_120043-1-1132x2048.jpg 1132w, https:\/\/edgecamp.pl\/wp-content\/uploads\/2024\/04\/20240420_120043-1-scaled.jpg 1415w\" sizes=\"auto, (max-width: 566px) 100vw, 566px\" \/><\/figure><div class=\"wp-block-media-text__content\">\n<p>Polski \u0142y\u017cwiarz figurowy, startuj\u0105cy w parach tanecznych z Aleksandr\u0105 Zworygin\u0105. Uczestnik mistrzostw \u015bwiata i Europy, medalista zawod\u00f3w mi\u0119dzynarodowych, mistrz Polski junior\u00f3w (2008) oraz trzykrotny Mistrz Polski senior\u00f3w (2011\u20132013). Zako\u0144czy\u0142 karier\u0119 sportow\u0105 w 2013 roku.<\/p>\n\n\n\n<p>Od 2014 roku pracuje jako trener ta\u0144c\u00f3w na lodzie, swoj\u0105 karier\u0119 trenersk\u0105 rozpocz\u0105\u0142 w klubie \u0141T\u0141F \u0141\u00f3d\u017a, gdzie wsp\u00f3\u0142pracowa\u0142 z Bo\u017cen\u0105 Bernadowsk\u0105, trenerem z 40 letnim do\u015bwiadczeniem i u jej boku zdobywa\u0142 trenerskie szlify. W 2017 roku uczestniczy\u0142 w szkoleniu w Rosji, gdzie mia\u0142 przyjemno\u015b\u0107 pracowa\u0107 u boku Alexieja Gorschkova, \u015bwiatowej s\u0142awy trenera ta\u0144c\u00f3w na lodzie, kt\u00f3rego podopieczni osi\u0105gali wysokie wyniki w rywalizacji na poziomie mi\u0119dzynarodowym w\u0142\u0105cznie z Mistrzostwami \u015awiata, Europy i Igrzyskach Olimpijskich. <\/p>\n<\/div><\/div>\n\n\n\n<p>Obecnie pracuje w klubie KS &#8222;EDGE&#8221; Skating Academy jako trener zar\u00f3wno z solistami jak i tancerzami na lodzie oraz jest choreografem.<\/p>\n\n\n\n<p>Tytu\u0142 instruktora uzyska\u0142 w 2007 roku, natomiast w 2019 zosta\u0142 trenerem \u0142y\u017cwiarstwa figurowego II klasy<\/p>\n\n\n\n<p><strong>Svetlana Korobkova<\/strong><\/p>\n\n\n\n<div class=\"wp-block-media-text is-stacked-on-mobile\" style=\"grid-template-columns:33% auto\"><figure class=\"wp-block-media-text__media\"><img loading=\"lazy\" decoding=\"async\" width=\"1024\" height=\"995\" src=\"https:\/\/edgecamp.pl\/wp-content\/uploads\/2024\/04\/412859717_7290531011004412_6992356708731227630_n-1-1024x995.jpg\" alt=\"\" class=\"wp-image-302 size-full\" srcset=\"https:\/\/edgecamp.pl\/wp-content\/uploads\/2024\/04\/412859717_7290531011004412_6992356708731227630_n-1-1024x995.jpg 1024w, https:\/\/edgecamp.pl\/wp-content\/uploads\/2024\/04\/412859717_7290531011004412_6992356708731227630_n-1-300x292.jpg 300w, https:\/\/edgecamp.pl\/wp-content\/uploads\/2024\/04\/412859717_7290531011004412_6992356708731227630_n-1-768x747.jpg 768w, https:\/\/edgecamp.pl\/wp-content\/uploads\/2024\/04\/412859717_7290531011004412_6992356708731227630_n-1-1536x1493.jpg 1536w, https:\/\/edgecamp.pl\/wp-content\/uploads\/2024\/04\/412859717_7290531011004412_6992356708731227630_n-1.jpg 1758w\" sizes=\"auto, (max-width: 767px) 89vw, (max-width: 1000px) 54vw, (max-width: 1071px) 543px, 580px\" \/><\/figure><div class=\"wp-block-media-text__content\">\n<p><\/p>\n<\/div><\/div>\n\n\n\n<p><strong>Yevgeniya Gres<\/strong><\/p>\n\n\n\n<p>Karier\u0119 sportow\u0105 rozpocz\u0119\u0142a w Odessie w 1988 roku od 1992 roku trenowa\u0142a pod opiek\u0105 Valentina Nikolayeva. W wieku 13 lat przenios\u0142a si\u0119 do USA gdzie trenowa\u0142a w Richmond w Virginia. W 1997 roku by\u0142a demonstratorem na pierwszym ISU Coaches Seminar. Karier\u0119 sportow\u0105 zako\u0144czy\u0142a w 2004 roku. Prac\u0119 trenersk\u0105 rozpocz\u0119\u0142a zaraz po zako\u0144czeniu kariery. By\u0142a jednym z moderator\u00f3w podczas pierwszego ISU Development Trophy w&#8230; Nast\u0119pnie rozpocz\u0119\u0142a karier\u0119 trenersk\u0105 w Kijowie. Od &#8230;. roku by\u0142a trenerem pracuj\u0105cym w Warszawie. <\/p>\n\n\n\n<p><strong>Konstantin Tupikov<\/strong><\/p>\n\n\n\n<div class=\"wp-block-media-text is-stacked-on-mobile is-vertically-aligned-top\" style=\"grid-template-columns:29% auto\"><figure class=\"wp-block-media-text__media\"><img loading=\"lazy\" decoding=\"async\" width=\"299\" height=\"400\" src=\"https:\/\/edgecamp.pl\/wp-content\/uploads\/2024\/04\/5ba690ad-4d15-47ca-90ba-6961ebb0311b_thumb.jpg\" alt=\"\" class=\"wp-image-295 size-full\" srcset=\"https:\/\/edgecamp.pl\/wp-content\/uploads\/2024\/04\/5ba690ad-4d15-47ca-90ba-6961ebb0311b_thumb.jpg 299w, https:\/\/edgecamp.pl\/wp-content\/uploads\/2024\/04\/5ba690ad-4d15-47ca-90ba-6961ebb0311b_thumb-224x300.jpg 224w\" sizes=\"auto, (max-width: 299px) 100vw, 299px\" \/><\/figure><div class=\"wp-block-media-text__content\">\n<p>Konstantin Tupikov (ur. 25 kwietnia 1983) to by\u0142y \u0142y\u017cwiarz figurowy, kt\u00f3ry reprezentowa\u0142 Ukrain\u0119 do 2005 roku, a nast\u0119pnie zdecydowa\u0142 si\u0119 startowa\u0107 w reprezentacji Polski. Jest mistrzem Ukrainy z 2003 roku i mistrzem Polski Senior\u00f3w z 2008 roku. By\u0142 uczestnikiem Mistrzostw \u015awiata Junior\u00f3w w 2001 roku gdzie zaj\u0105\u0142 27 miejsce. Uczestniczy\u0142 r\u00f3wnie\u017c w Mistrzostwach Europy Senior\u00f3w zajmuj\u0105c w 2001 roku 22 miejsce,  w 2003 roku 20 miejsce, w 2008 roku 21 miejsce. Bra\u0142 udzia\u0142 w Mistrzostwach \u015awiata Senior\u00f3w w roku 2003, 2005 i 2008. Karier\u0119 sportow\u0105 zako\u0144czy\u0142 w 2010 roku. <\/p>\n<\/div><\/div>\n\n\n\n<p>Nast\u0119pnie zosta\u0142 trenerem  <\/p>\n\n\n\n<p><strong>Kamil Peteja<\/strong><\/p>\n\n\n\n<div class=\"wp-block-media-text is-stacked-on-mobile is-vertically-aligned-top\" style=\"grid-template-columns:29% auto\"><figure class=\"wp-block-media-text__media\"><img loading=\"lazy\" decoding=\"async\" width=\"800\" height=\"800\" src=\"https:\/\/edgecamp.pl\/wp-content\/uploads\/2024\/04\/1688294926386.jpeg\" alt=\"\" class=\"wp-image-294 size-full\" srcset=\"https:\/\/edgecamp.pl\/wp-content\/uploads\/2024\/04\/1688294926386.jpeg 800w, https:\/\/edgecamp.pl\/wp-content\/uploads\/2024\/04\/1688294926386-300x300.jpeg 300w, https:\/\/edgecamp.pl\/wp-content\/uploads\/2024\/04\/1688294926386-150x150.jpeg 150w, https:\/\/edgecamp.pl\/wp-content\/uploads\/2024\/04\/1688294926386-768x768.jpeg 768w, https:\/\/edgecamp.pl\/wp-content\/uploads\/2024\/04\/1688294926386-100x100.jpeg 100w\" sizes=\"auto, (max-width: 767px) 89vw, (max-width: 1000px) 54vw, (max-width: 1071px) 543px, 580px\" \/><\/figure><div class=\"wp-block-media-text__content\">\n<p>\u0141y\u017cwiarstwo figurowe zacz\u0105\u0142 uprawia\u0107 w 2004 roku. Szkoli\u0142 si\u0119 pod okiem Marii Domaga\u0142y oraz bia\u0142oruskiego baletmistrza Vladimir\u2019a Chernyshov\u2019a. Przez 14 lat kariery zdoby\u0142 wiele medali Pucharu Polski, tytu\u0142 Mistrza Polski w klasie Novice, wielokrotnie stawa\u0142 na podium Og\u00f3lnopolskiej Olimpiady M\u0142odzie\u017cy, a tak\u017ce by\u0142 reprezentantem Polski na Europejskiej Olimpiadzie M\u0142odzie\u017cy w Sportach Zimowych w rumu\u0144skim Brasov w 2013 roku. <\/p>\n<\/div><\/div>\n\n\n\n<p>Prac\u0119 jako trener rozpocz\u0105\u0142 w 2017 roku. Bra\u0142 udzia\u0142 w licznych szkoleniach z zakresu \u0142y\u017cwiarstwa figurowego, mi\u0119dzy innymi u jednego z najlepszych trener\u00f3w na \u015bwiecie Alexei\u2019a Mishin\u2019a oraz u cenionego s\u0142owackiego trenera rosyjskiego pochodzenia Vladimir\u2019a Dvojnikov\u2019a. Trener KS &#8222;EDGE&#8221; Skating Academy.<\/p>\n\n\n\n<p>Trener \u0142y\u017cwiarstwa figurowego II klasy.<\/p>\n\n\n\n<p><strong>Sebastian Iwasaki<\/strong><\/p>\n\n\n\n<div class=\"wp-block-media-text is-stacked-on-mobile\" style=\"grid-template-columns:31% auto\"><figure class=\"wp-block-media-text__media\"><img loading=\"lazy\" decoding=\"async\" width=\"354\" height=\"531\" src=\"https:\/\/edgecamp.pl\/wp-content\/uploads\/2024\/04\/2010_JWC_Sebastian_Iwasaki.jpg\" alt=\"\" class=\"wp-image-296 size-full\" srcset=\"https:\/\/edgecamp.pl\/wp-content\/uploads\/2024\/04\/2010_JWC_Sebastian_Iwasaki.jpg 354w, https:\/\/edgecamp.pl\/wp-content\/uploads\/2024\/04\/2010_JWC_Sebastian_Iwasaki-200x300.jpg 200w\" sizes=\"auto, (max-width: 354px) 100vw, 354px\" \/><\/figure><div class=\"wp-block-media-text__content\">\n<p>urodzony 20 lutego 1991 w Warszawie) to polski by\u0142y \u0142y\u017cwiarz figurowy. Jest br\u0105zowym medalist\u0105 Polski z 2010 roku i mistrzem Polski junior\u00f3w z 2009 roku. Dwukrotnie bra\u0142 udzia\u0142 w Mistrzostwach \u015awiata Junior\u00f3w, kwalifikuj\u0105c si\u0119 do ostatniej cz\u0119\u015bci zawod\u00f3w w Hadze w 2010 roku. W Holandii zaj\u0105\u0142 18. miejsce w klasyfikacji generalnej.<\/p>\n\n\n\n<p>Iwasaki by\u0142 trenowany przez Adama Zalegowskiego jako dziecko, Sarkisa Tewaniana w sezonie 2006\u201307, [1] Zbigniewa Turkowskiego w latach 2007\u201309 [2] [3] i Aleksieja Fedosejewa w latach 2010\u201311. W 2011 roku rozpocz\u0105\u0142 treningi z Mari\u0105 Domaga\u0142\u0105. Karier\u0119 w wyniku kontuzji zako\u0144czy\u0142 w 2012 roku.<\/p>\n<\/div><\/div>\n\n\n\n<p><strong>Paulina Klimaj<\/strong><\/p>\n\n\n\n<div class=\"wp-block-media-text is-stacked-on-mobile\" style=\"grid-template-columns:32% auto\"><figure class=\"wp-block-media-text__media\"><img loading=\"lazy\" decoding=\"async\" width=\"602\" height=\"1024\" src=\"http:\/\/edgecamp.pl\/wp-content\/uploads\/2024\/04\/347242937_7354677081214699_7339017179322073014_n-1-602x1024.jpg\" alt=\"\" class=\"wp-image-309 size-full\" srcset=\"https:\/\/edgecamp.pl\/wp-content\/uploads\/2024\/04\/347242937_7354677081214699_7339017179322073014_n-1-602x1024.jpg 602w, https:\/\/edgecamp.pl\/wp-content\/uploads\/2024\/04\/347242937_7354677081214699_7339017179322073014_n-1-177x300.jpg 177w, https:\/\/edgecamp.pl\/wp-content\/uploads\/2024\/04\/347242937_7354677081214699_7339017179322073014_n-1-768x1305.jpg 768w, https:\/\/edgecamp.pl\/wp-content\/uploads\/2024\/04\/347242937_7354677081214699_7339017179322073014_n-1-904x1536.jpg 904w, https:\/\/edgecamp.pl\/wp-content\/uploads\/2024\/04\/347242937_7354677081214699_7339017179322073014_n-1.jpg 1072w\" sizes=\"auto, (max-width: 602px) 100vw, 602px\" \/><\/figure><div class=\"wp-block-media-text__content\">\n<p><\/p>\n<\/div><\/div>\n\n\n\n<p><strong>Joanna Rynkiewicz &#8211; Pogrzeba<\/strong><\/p>\n\n\n\n<div class=\"wp-block-media-text is-stacked-on-mobile is-vertically-aligned-top\" style=\"grid-template-columns:32% auto\"><figure class=\"wp-block-media-text__media\"><img loading=\"lazy\" decoding=\"async\" width=\"300\" height=\"400\" src=\"https:\/\/edgecamp.pl\/wp-content\/uploads\/2024\/04\/rynkiewicz_joanna22.jpg.limit_.300x456.jpg\" alt=\"\" class=\"wp-image-303 size-full\" srcset=\"https:\/\/edgecamp.pl\/wp-content\/uploads\/2024\/04\/rynkiewicz_joanna22.jpg.limit_.300x456.jpg 300w, https:\/\/edgecamp.pl\/wp-content\/uploads\/2024\/04\/rynkiewicz_joanna22.jpg.limit_.300x456-225x300.jpg 225w\" sizes=\"auto, (max-width: 300px) 100vw, 300px\" \/><\/figure><div class=\"wp-block-media-text__content\">\n<p>Absolwentka Og\u00f3lnokszta\u0142c\u0105cej Szko\u0142y Baletowej w Bytomiu oraz Wy\u017cszej Szko\u0142y<br>Umiej\u0119tno\u015bci w Kielcach kt\u00f3r\u0105 w 2014r. uko\u0144czy\u0142a na kierunku \u201eTaniec\u201d z wynikiem bardzo dobrym. Zdoby\u0142a tym samym kwalifikacje i uprawnienia do nauczania ta\u0144ca oraz do prowadzenia pracy dydaktycznej w dziedzinie wiedzy o ta\u0144cu. W ramach edukacji tanecznej uczestniczy\u0142a dodatkowo w licznych warsztatach w Polsce i za granic\u0105 min. we Francji (L\u2019\u00e9cole Sup\u00e9rieure de Danse de Cannes Rosella Hightower) czy w Niemczech ( w ramach Mi\u0119dzynarodowych Spotka\u0144 Tanecznych \u201eSandhausener Tanztage\u201d w Haidelbergu). Odby\u0142a praktyki sceniczne w Operze \u015al\u0105skiej w Bytomiu, ta\u0144cz\u0105c w spektaklach &#8222;Pan Twardowski\u201d, czy \u201eDziadek do orzech\u00f3w&#8221;. <\/p>\n<\/div><\/div>\n\n\n\n<p>W dorobku zawodowym ma m.in. prac\u0119 tancerki na pok\u0142adzie francuskiego statku ,,Le Diamant\u201d, wsp\u00f3\u0142prac\u0119 z National Palace w Vierzon , oraz \u201eDisneyland Ressort\u201d w Pary\u017cu gdzie dodatkowo szkoli\u0142a si\u0119 w \u201eStudio de danse \u201eHarmonic\u201d w technice Modal Underground Thierryego Vergera. W karierze zawodowej ma ponadto kilkuletni\u0105 wsp\u00f3\u0142prac\u0119 z Kieleckim Teatrem Ta\u0144ca jako tancerka i pedagog ta\u0144ca wyst\u0119puj\u0105c min. w \u201eNEWs INSPIRATIONs\u201d \u2013 chor. Stephen Delattre, \u201eTranzyt Wenus\u201d \u2013 chor. Stacy Boeddeker I Ricky Palomino, \u201eSny\u201d\u2013 chor. Jacek Tyski czy \u201eJAZZ DANCE Back and Forth\u201d \u2013 chor. Bill Godson. W latach 2013- 2018 by\u0142a tancerk\u0105 Teatru Rozrywki w Chorzowie gdzie ogl\u0105da\u0107 j\u0105 mo\u017cna by\u0142o w min. takich spektaklach jak: \u201eJesus Christ Superstar\u201d A. L. Webbera i T. Rice\u2019a, \u201eJekyll &amp; Hyde\u201d F. Wildhorna i L. Bricusse\u2019a, \u201eSkrzypek na dachu\u201d J. Steina, J. Bocka i S. Harnicka, \u201eBilly Elliot\u201d E. Johna czy \u201eDwa ukochania\u201d wg W.<br>Szekspira. Wsp\u00f3\u0142pracowa\u0142a tym samym z takimi choreografami jak: J. Staniek, K. Aleksander- Kmie\u0107, I. Pilchowska czy J. Lewandowski. W latach 2016-2020 pracowa\u0142a r\u00f3wnie\u017c w Niepublicznej Szkole Baletowej Arabesque w Katowicach jako nauczyciel ta\u0144ca klasycznego oraz ta\u0144ca wsp\u00f3\u0142czesnego prowadz\u0105c lekcje z techniki M.Graham i<br>L.Horton.<\/p>\n\n\n\n<p>Od 2021 roku zajmuje si\u0119 przygotowaniem baletowym oraz choreograficznym zawodnik\u00f3w klubu KS &#8222;EDGE&#8221; Skating Academy Katowice<\/p>\n\n\n\n<p><strong>Svetlana Todosiieva<\/strong><\/p>\n\n\n\n<div class=\"wp-block-media-text is-stacked-on-mobile is-vertically-aligned-top\" style=\"grid-template-columns:31% auto\"><figure class=\"wp-block-media-text__media\"><img loading=\"lazy\" decoding=\"async\" width=\"819\" height=\"1024\" src=\"https:\/\/edgecamp.pl\/wp-content\/uploads\/2024\/04\/322679001_694118318914141_8715819872563431712_n-819x1024.jpg\" alt=\"\" class=\"wp-image-304 size-full\" srcset=\"https:\/\/edgecamp.pl\/wp-content\/uploads\/2024\/04\/322679001_694118318914141_8715819872563431712_n-819x1024.jpg 819w, https:\/\/edgecamp.pl\/wp-content\/uploads\/2024\/04\/322679001_694118318914141_8715819872563431712_n-240x300.jpg 240w, https:\/\/edgecamp.pl\/wp-content\/uploads\/2024\/04\/322679001_694118318914141_8715819872563431712_n-768x960.jpg 768w, https:\/\/edgecamp.pl\/wp-content\/uploads\/2024\/04\/322679001_694118318914141_8715819872563431712_n-1229x1536.jpg 1229w, https:\/\/edgecamp.pl\/wp-content\/uploads\/2024\/04\/322679001_694118318914141_8715819872563431712_n.jpg 1440w\" sizes=\"auto, (max-width: 767px) 89vw, (max-width: 1000px) 54vw, (max-width: 1071px) 543px, 580px\" \/><\/figure><div class=\"wp-block-media-text__content\">\n<p>Choreograf. Trener rozci\u0105gania i si\u0142y. Pochodzi z Charkowa na Ukrainie. Obecnie mieszka w Polsce w Katowicach. By\u0142a zawodniczk\u0105 klasy mi\u0119dzynarodowej w ta\u0144cu towarzyskim. Na bie\u017c\u0105co rozwija si\u0119 w<br>dyscyplinach baletu, stretchingu i akrobatyki. Certyfikowany trener choreografii program\u00f3w grupowych, trener personalny si\u0142owni, podstawy budowania program\u00f3w \u017cywieniowych. Posiada 21 lat do\u015bwiadczenia trenerskiego.<\/p>\n<\/div><\/div>\n\n\n\n<p>Od 2022 roku zajmuje si\u0119 przygotowaniem motorycznym zawodnik\u00f3w KS &#8222;EDGE&#8221; Skating Academy.<\/p>\n","protected":false},"excerpt":{"rendered":"<p>Przemys\u0142aw Doma\u0144ski (ur. 27 czerwca 1986 w Warszawie) \u2013 polski \u0142y\u017cwiarz figurowy, startuj\u0105cy w konkurencji solist\u00f3w. Uczestnik igrzysk olimpijskich (2010), mistrzostw Europy i \u015bwiata, medalista zawod\u00f3w mi\u0119dzynarodowych, czterokrotny mistrz Polski (2006, 2007, 2009, 2011). Zako\u0144czy\u0142 karier\u0119 amatorsk\u0105 w 2011 roku. Przygod\u0119 z \u0142y\u017cwiarstwem figurowym rozpocz\u0105\u0142 w 1991 roku. Zdoby\u0142 kilka tytu\u0142\u00f3wWicemistrza i Mistrza Polski w &hellip; <\/p>\n<p class=\"link-more\"><a href=\"https:\/\/edgecamp.pl\/index.php\/trenerzy\/\" class=\"more-link\">Czytaj dalej<span class=\"screen-reader-text\"> \u201eTrenerzy\u201d<\/span><\/a><\/p>\n","protected":false},"author":1,"featured_media":0,"parent":0,"menu_order":0,"comment_status":"closed","ping_status":"closed","template":"","meta":{"footnotes":""},"class_list":["post-291","page","type-page","status-publish","hentry"],"_links":{"self":[{"href":"https:\/\/edgecamp.pl\/index.php\/wp-json\/wp\/v2\/pages\/291","targetHints":{"allow":["GET"]}}],"collection":[{"href":"https:\/\/edgecamp.pl\/index.php\/wp-json\/wp\/v2\/pages"}],"about":[{"href":"https:\/\/edgecamp.pl\/index.php\/wp-json\/wp\/v2\/types\/page"}],"author":[{"embeddable":true,"href":"https:\/\/edgecamp.pl\/index.php\/wp-json\/wp\/v2\/users\/1"}],"replies":[{"embeddable":true,"href":"https:\/\/edgecamp.pl\/index.php\/wp-json\/wp\/v2\/comments?post=291"}],"version-history":[{"count":7,"href":"https:\/\/edgecamp.pl\/index.php\/wp-json\/wp\/v2\/pages\/291\/revisions"}],"predecessor-version":[{"id":315,"href":"https:\/\/edgecamp.pl\/index.php\/wp-json\/wp\/v2\/pages\/291\/revisions\/315"}],"wp:attachment":[{"href":"https:\/\/edgecamp.pl\/index.php\/wp-json\/wp\/v2\/media?parent=291"}],"curies":[{"name":"wp","href":"https:\/\/api.w.org\/{rel}","templated":true}]}}