{"id":175,"date":"2024-03-17T17:44:07","date_gmt":"2024-03-17T16:44:07","guid":{"rendered":"https:\/\/edgecamp.pl\/?page_id=175"},"modified":"2024-03-17T19:46:11","modified_gmt":"2024-03-17T18:46:11","slug":"sprzet-sportowy","status":"publish","type":"page","link":"https:\/\/edgecamp.pl\/index.php\/obozy-letnie-2\/edge-summer-camp-2024\/sprzet-sportowy\/","title":{"rendered":"Sprz\u0119t sportowy"},"content":{"rendered":"\n<p>Ka\u017cdy uczestnik powinien posiada\u0107:<\/p>\n\n\n\n<ul class=\"wp-block-list\">\n<li>\u0142y\u017cwy profesjonalne do \u0142y\u017cwiarstwa figurowego \ud83d\ude42<\/li>\n\n\n\n<li>obuwie zmienne sportowe do \u0107wicze\u0144 na sali<\/li>\n\n\n\n<li>obuwie sportowe do \u0107wicze\u0144 na \u015bwie\u017cym powietrzu<\/li>\n\n\n\n<li>baletki<\/li>\n\n\n\n<li>skakank\u0119<\/li>\n\n\n\n<li>spinner<\/li>\n\n\n\n<li>gum\u0119 fitness<\/li>\n\n\n\n<li>odzie\u017c sportow\u0105 zar\u00f3wno na zaj\u0119cia odbywaj\u0105ce na sali, jak i na dworzu<\/li>\n\n\n\n<li>odzie\u017c sportow\u0105 na l\u00f3d (spodziewana temperatura lodowiska 10-13 stopni)<\/li>\n<\/ul>\n\n\n\n<p><\/p>\n","protected":false},"excerpt":{"rendered":"<p>Ka\u017cdy uczestnik powinien posiada\u0107:<\/p>\n","protected":false},"author":1,"featured_media":0,"parent":134,"menu_order":0,"comment_status":"closed","ping_status":"closed","template":"","meta":{"footnotes":""},"class_list":["post-175","page","type-page","status-publish","hentry"],"_links":{"self":[{"href":"https:\/\/edgecamp.pl\/index.php\/wp-json\/wp\/v2\/pages\/175","targetHints":{"allow":["GET"]}}],"collection":[{"href":"https:\/\/edgecamp.pl\/index.php\/wp-json\/wp\/v2\/pages"}],"about":[{"href":"https:\/\/edgecamp.pl\/index.php\/wp-json\/wp\/v2\/types\/page"}],"author":[{"embeddable":true,"href":"https:\/\/edgecamp.pl\/index.php\/wp-json\/wp\/v2\/users\/1"}],"replies":[{"embeddable":true,"href":"https:\/\/edgecamp.pl\/index.php\/wp-json\/wp\/v2\/comments?post=175"}],"version-history":[{"count":1,"href":"https:\/\/edgecamp.pl\/index.php\/wp-json\/wp\/v2\/pages\/175\/revisions"}],"predecessor-version":[{"id":176,"href":"https:\/\/edgecamp.pl\/index.php\/wp-json\/wp\/v2\/pages\/175\/revisions\/176"}],"up":[{"embeddable":true,"href":"https:\/\/edgecamp.pl\/index.php\/wp-json\/wp\/v2\/pages\/134"}],"wp:attachment":[{"href":"https:\/\/edgecamp.pl\/index.php\/wp-json\/wp\/v2\/media?parent=175"}],"curies":[{"name":"wp","href":"https:\/\/api.w.org\/{rel}","templated":true}]}}