{"id":173,"date":"2024-03-17T17:43:10","date_gmt":"2024-03-17T16:43:10","guid":{"rendered":"https:\/\/edgecamp.pl\/?page_id=173"},"modified":"2024-03-17T17:43:11","modified_gmt":"2024-03-17T16:43:11","slug":"wymagane-dokumenty","status":"publish","type":"page","link":"https:\/\/edgecamp.pl\/index.php\/obozy-letnie-2\/edge-summer-camp-2024\/wymagane-dokumenty\/","title":{"rendered":"Wymagane dokumenty"},"content":{"rendered":"\n<p><strong>Ubezpieczenie i badania lekarskie<\/strong><\/p>\n\n\n\n<p>Ka\u017cdy uczestnik musi posiada\u0107 wykupione ubezpieczenie NNW i aktualne badania lekarskie za\u015bwiadczaj\u0105ce o braku przeciwwskaza\u0144 do uprawiania sportu. Oba dokumenty powinny by\u0107 przedstawione organizatorowi przed rozpocz\u0119ciem si\u0119 obozu.<\/p>\n\n\n\n<p><strong>Inne dokumenty<\/strong><\/p>\n\n\n\n<p>Ka\u017cdy uczestnik powinien posiada\u0107 dow\u00f3d to\u017csamo\u015bci (dow\u00f3d osobisty \/ legitymacja szkolna) lub paszport oraz dokumenty zg\u0142oszeniowe na ob\u00f3z (karta uczestnictwa). Karty zostan\u0105 przes\u0142ane na e-mail podany podczas rejestracji. Prosimy i ich wype\u0142nienie, podpisanie i dostarczenie do organizatora nie p\u00f3\u017aniej ni\u017c w dniu rozpocz\u0119cia obozu.<\/p>\n\n\n\n<p><\/p>\n","protected":false},"excerpt":{"rendered":"<p>Ubezpieczenie i badania lekarskie Ka\u017cdy uczestnik musi posiada\u0107 wykupione ubezpieczenie NNW i aktualne badania lekarskie za\u015bwiadczaj\u0105ce o braku przeciwwskaza\u0144 do uprawiania sportu. Oba dokumenty powinny by\u0107 przedstawione organizatorowi przed rozpocz\u0119ciem si\u0119 obozu. Inne dokumenty Ka\u017cdy uczestnik powinien posiada\u0107 dow\u00f3d to\u017csamo\u015bci (dow\u00f3d osobisty \/ legitymacja szkolna) lub paszport oraz dokumenty zg\u0142oszeniowe na ob\u00f3z (karta uczestnictwa). Karty &hellip; <\/p>\n<p class=\"link-more\"><a href=\"https:\/\/edgecamp.pl\/index.php\/obozy-letnie-2\/edge-summer-camp-2024\/wymagane-dokumenty\/\" class=\"more-link\">Czytaj dalej<span class=\"screen-reader-text\"> \u201eWymagane dokumenty\u201d<\/span><\/a><\/p>\n","protected":false},"author":1,"featured_media":0,"parent":134,"menu_order":0,"comment_status":"closed","ping_status":"closed","template":"","meta":{"footnotes":""},"class_list":["post-173","page","type-page","status-publish","hentry"],"_links":{"self":[{"href":"https:\/\/edgecamp.pl\/index.php\/wp-json\/wp\/v2\/pages\/173","targetHints":{"allow":["GET"]}}],"collection":[{"href":"https:\/\/edgecamp.pl\/index.php\/wp-json\/wp\/v2\/pages"}],"about":[{"href":"https:\/\/edgecamp.pl\/index.php\/wp-json\/wp\/v2\/types\/page"}],"author":[{"embeddable":true,"href":"https:\/\/edgecamp.pl\/index.php\/wp-json\/wp\/v2\/users\/1"}],"replies":[{"embeddable":true,"href":"https:\/\/edgecamp.pl\/index.php\/wp-json\/wp\/v2\/comments?post=173"}],"version-history":[{"count":1,"href":"https:\/\/edgecamp.pl\/index.php\/wp-json\/wp\/v2\/pages\/173\/revisions"}],"predecessor-version":[{"id":174,"href":"https:\/\/edgecamp.pl\/index.php\/wp-json\/wp\/v2\/pages\/173\/revisions\/174"}],"up":[{"embeddable":true,"href":"https:\/\/edgecamp.pl\/index.php\/wp-json\/wp\/v2\/pages\/134"}],"wp:attachment":[{"href":"https:\/\/edgecamp.pl\/index.php\/wp-json\/wp\/v2\/media?parent=173"}],"curies":[{"name":"wp","href":"https:\/\/api.w.org\/{rel}","templated":true}]}}