{"id":170,"date":"2024-03-17T17:41:29","date_gmt":"2024-03-17T16:41:29","guid":{"rendered":"https:\/\/edgecamp.pl\/?page_id=170"},"modified":"2024-03-17T19:15:22","modified_gmt":"2024-03-17T18:15:22","slug":"grupy-treningowe","status":"publish","type":"page","link":"https:\/\/edgecamp.pl\/index.php\/obozy-letnie-2\/edge-summer-camp-2024\/grupy-treningowe\/","title":{"rendered":"Grupy treningowe i trenerzy"},"content":{"rendered":"\n<p class=\"has-medium-font-size\"><strong>Grupy treningowe<\/strong> &#8211; soli\u015bci<\/p>\n\n\n\n<p>Treningi b\u0119d\u0105 prowadzone przez wiod\u0105cych trener\u00f3w w Polsce:<\/p>\n\n\n\n<ul class=\"wp-block-list\">\n<li>Svietlana Korobkova (I i III turnus)<\/li>\n\n\n\n<li>Yevgienija Gres (II i III turnus)<\/li>\n\n\n\n<li>Konstantin Tupikov (II i III turnus)<\/li>\n\n\n\n<li>Maciej Bernadowski (wszystkie turnusy)<\/li>\n\n\n\n<li>Kamil Peteja (wszystkie turnusy)<\/li>\n\n\n\n<li>Przemys\u0142aw Doma\u0144ski (wszystkie turnusy)<\/li>\n\n\n\n<li>Sebastian Iwasaki (wszystkie turnusy)<\/li>\n\n\n\n<li>Paulina Klimaj (wszystkie turnusy)<\/li>\n<\/ul>\n\n\n\n<p>GR.TOP :<\/p>\n\n\n\n<p>&#8211; Grupa dla wyselekcjonowanych zawodnik\u00f3w na specjalne zaproszenie organizatora<br>&#8211; liczba os\u00f3b w grupie: 10<\/p>\n\n\n\n<p>GR.1:<br>&#8211; grupa dla najlepszych zawodnik\u00f3w o najwy\u017cszym poziomie umiej\u0119tno\u015bci<br>&#8211; wymagania:<br>&#8211; umiej\u0119tno\u015b\u0107 wykonania 2A<br>&#8211; zdana klasa sportowa: minimum Junior<br>&#8211; liczba os\u00f3b w grupie: 12<\/p>\n\n\n\n<p>GR.2<\/p>\n\n\n\n<p>&#8211; grupa dla zaawansowanych zawodnik\u00f3w<br>&#8211; wymagania:<br>&#8211; umiej\u0119tno\u015b\u0107 wykonania wszystkich skok\u00f3w podw\u00f3jnych<br>&#8211; nauka 2A<br>&#8211; zdana klasa sportowa: minimum Z\u0142ota<br>&#8211; liczba os\u00f3b w grupie: 20<\/p>\n\n\n\n<p>GR.3<br>&#8211; wymagania:<br>&#8211; umiej\u0119tno\u015b\u0107 wykonania wszystkich skok\u00f3w podw\u00f3jnych<br>&#8211; doskonalenie 2Lo, 2F, 2Lz oraz kombinacji skok\u00f3w podw\u00f3jnych<br>&#8211; zdana klasa sportowa: minimum srebrna<br>&#8211; liczba os\u00f3b w grupie: 24<\/p>\n\n\n\n<p>GR.4A<br>&#8211; wymagania:<br>&#8211; umiej\u0119tno\u015b\u0107 wykonania 1A, 2S, 2T<br>&#8211; nauka 2Lo, 2F, 2Lz<br>&#8211; zdana klasa sportowa: minimum br\u0105zowa<br>&#8211; liczba os\u00f3b w grupie: 10<\/p>\n\n\n\n<p>GR.4B<br>&#8211; wymagania:<br>&#8211; umiej\u0119tno\u015b\u0107 wykonania wszystkich skok\u00f3w pojedynczych<br>&#8211; doskonalenie 1Lo, 1F, 1Lz<br>&#8211; nauka 1A, 2S, 2T<br>&#8211; zdana klasa sportowa: minimum wst\u0119pna<br>&#8211; liczba os\u00f3b w grupie: 10<\/p>\n\n\n\n<p>GR.4C<br>&#8211; wymagania:<br>&#8211; umiej\u0119tno\u015b\u0107 wykonania pierwszych skok\u00f3w pojedynczych<br>&#8211; doskonalenie 1S, 1T<br>&#8211; nauka 1Lo, 1F, 1Lz<br>&#8211; liczba os\u00f3b w grupie: 10<\/p>\n\n\n\n<p><strong>GR. SOLO DANCE<\/strong><\/p>\n\n\n\n<p>Trenerzy:<\/p>\n\n\n\n<ul class=\"wp-block-list\">\n<li>Maciej Bernadowski<\/li>\n\n\n\n<li>Bo\u017cena Bernadowska<\/li>\n<\/ul>\n\n\n\n<p>&#8211; wymagania:<br>&#8211; uczestnictwo w zawodach w kategoriach Solo Dance lub ta\u0144c\u00f3w na lodzie<br>&#8211; liczba os\u00f3b w grupie: 15<\/p>\n\n\n\n<p class=\"has-text-align-center\"><strong>ORGANIZATOR ZASTRZEGA SOBIE PRAWO DO MODYFIKACJI LICZEBNO\u015aCI GRUP I PRZESUNI\u0118\u0106 POMI\u0118DZY NIMI ZALE\u017bNIE OD ANALIZY OTRZYMANYCH ZG\u0141OSZE\u0143<\/strong><\/p>\n\n\n\n<p class=\"has-text-align-center has-medium-font-size\"><strong>UWAGA! W przypadku gr.1, gr.2, gr.3 i Solo Dance organizator nie zapewnia opieki pomi\u0119dzy zaj\u0119ciami<\/strong><\/p>\n","protected":false},"excerpt":{"rendered":"<p>Grupy treningowe &#8211; soli\u015bci Treningi b\u0119d\u0105 prowadzone przez wiod\u0105cych trener\u00f3w w Polsce: GR.TOP : &#8211; Grupa dla wyselekcjonowanych zawodnik\u00f3w na specjalne zaproszenie organizatora&#8211; liczba os\u00f3b w grupie: 10 GR.1:&#8211; grupa dla najlepszych zawodnik\u00f3w o najwy\u017cszym poziomie umiej\u0119tno\u015bci&#8211; wymagania:&#8211; umiej\u0119tno\u015b\u0107 wykonania 2A&#8211; zdana klasa sportowa: minimum Junior&#8211; liczba os\u00f3b w grupie: 12 GR.2 &#8211; grupa dla &hellip; <\/p>\n<p class=\"link-more\"><a href=\"https:\/\/edgecamp.pl\/index.php\/obozy-letnie-2\/edge-summer-camp-2024\/grupy-treningowe\/\" class=\"more-link\">Czytaj dalej<span class=\"screen-reader-text\"> \u201eGrupy treningowe i trenerzy\u201d<\/span><\/a><\/p>\n","protected":false},"author":1,"featured_media":209,"parent":134,"menu_order":0,"comment_status":"closed","ping_status":"closed","template":"","meta":{"footnotes":""},"class_list":["post-170","page","type-page","status-publish","has-post-thumbnail","hentry"],"_links":{"self":[{"href":"https:\/\/edgecamp.pl\/index.php\/wp-json\/wp\/v2\/pages\/170","targetHints":{"allow":["GET"]}}],"collection":[{"href":"https:\/\/edgecamp.pl\/index.php\/wp-json\/wp\/v2\/pages"}],"about":[{"href":"https:\/\/edgecamp.pl\/index.php\/wp-json\/wp\/v2\/types\/page"}],"author":[{"embeddable":true,"href":"https:\/\/edgecamp.pl\/index.php\/wp-json\/wp\/v2\/users\/1"}],"replies":[{"embeddable":true,"href":"https:\/\/edgecamp.pl\/index.php\/wp-json\/wp\/v2\/comments?post=170"}],"version-history":[{"count":4,"href":"https:\/\/edgecamp.pl\/index.php\/wp-json\/wp\/v2\/pages\/170\/revisions"}],"predecessor-version":[{"id":208,"href":"https:\/\/edgecamp.pl\/index.php\/wp-json\/wp\/v2\/pages\/170\/revisions\/208"}],"up":[{"embeddable":true,"href":"https:\/\/edgecamp.pl\/index.php\/wp-json\/wp\/v2\/pages\/134"}],"wp:featuredmedia":[{"embeddable":true,"href":"https:\/\/edgecamp.pl\/index.php\/wp-json\/wp\/v2\/media\/209"}],"wp:attachment":[{"href":"https:\/\/edgecamp.pl\/index.php\/wp-json\/wp\/v2\/media?parent=170"}],"curies":[{"name":"wp","href":"https:\/\/api.w.org\/{rel}","templated":true}]}}