{"id":157,"date":"2024-03-17T17:33:19","date_gmt":"2024-03-17T16:33:19","guid":{"rendered":"https:\/\/edgecamp.pl\/?page_id=157"},"modified":"2024-03-17T17:59:16","modified_gmt":"2024-03-17T16:59:16","slug":"zakwaterowanie","status":"publish","type":"page","link":"https:\/\/edgecamp.pl\/index.php\/obozy-letnie-2\/edge-summer-camp-2024\/zakwaterowanie\/","title":{"rendered":"Zakwaterowanie"},"content":{"rendered":"\n<p>Organizator nie zapewnia zakwaterowania oraz opieki nad uczestnikami. Polecamy nocleg w EUROhotelu znajduj\u0105cym si\u0119 w bezpo\u015bredniej blisko\u015bci lodowiska. Oferta specjalna dla uczestnik\u00f3w zgrupowania:<\/p>\n\n\n\n<p>Cennik:<\/p>\n\n\n\n<p>Pok\u00f3j 1,2 osobowy &#8211; 179 z\u0142<br>Pok\u00f3j 3 osobowy &#8211; 239 z\u0142&nbsp;<br>Pok\u00f3j 4 osobowy &#8211; 269 z\u0142&nbsp;<br>\u015bniadanie &#8211; 29 z\u0142\/os &#8211; st\u00f3\u0142 szwedzki<br>obiad &#8211; 35 z\u0142 \/os&nbsp;&#8211; obiad sk\u0142ada si\u0119 z dw\u00f3ch da\u0144<br>kolacja &#8211; 30 z\u0142 \/os ciep\u0142e danie +zimna p\u0142yta (st\u00f3\u0142 szwedzki)&nbsp;<\/p>\n\n\n\n<p><strong>Rezerwacji prosimy dokonywa\u0107 na adres e-mail:&nbsp;a.fafara@eurohotelkatowice.pl<\/strong><\/p>\n\n\n\n<p>W rezerwacji prosimy o powo\u0142anie si\u0119 na uczestnictwo w obozie &#8222;EDGE Summer Skating Camp 2024&#8221;<\/p>\n\n\n\n<p><\/p>\n","protected":false},"excerpt":{"rendered":"<p>Organizator nie zapewnia zakwaterowania oraz opieki nad uczestnikami. Polecamy nocleg w EUROhotelu znajduj\u0105cym si\u0119 w bezpo\u015bredniej blisko\u015bci lodowiska. Oferta specjalna dla uczestnik\u00f3w zgrupowania: Cennik: Pok\u00f3j 1,2 osobowy &#8211; 179 z\u0142Pok\u00f3j 3 osobowy &#8211; 239 z\u0142&nbsp;Pok\u00f3j 4 osobowy &#8211; 269 z\u0142&nbsp;\u015bniadanie &#8211; 29 z\u0142\/os &#8211; st\u00f3\u0142 szwedzkiobiad &#8211; 35 z\u0142 \/os&nbsp;&#8211; obiad sk\u0142ada si\u0119 z dw\u00f3ch &hellip; <\/p>\n<p class=\"link-more\"><a href=\"https:\/\/edgecamp.pl\/index.php\/obozy-letnie-2\/edge-summer-camp-2024\/zakwaterowanie\/\" class=\"more-link\">Czytaj dalej<span class=\"screen-reader-text\"> \u201eZakwaterowanie\u201d<\/span><\/a><\/p>\n","protected":false},"author":1,"featured_media":0,"parent":134,"menu_order":0,"comment_status":"closed","ping_status":"closed","template":"","meta":{"footnotes":""},"class_list":["post-157","page","type-page","status-publish","hentry"],"_links":{"self":[{"href":"https:\/\/edgecamp.pl\/index.php\/wp-json\/wp\/v2\/pages\/157","targetHints":{"allow":["GET"]}}],"collection":[{"href":"https:\/\/edgecamp.pl\/index.php\/wp-json\/wp\/v2\/pages"}],"about":[{"href":"https:\/\/edgecamp.pl\/index.php\/wp-json\/wp\/v2\/types\/page"}],"author":[{"embeddable":true,"href":"https:\/\/edgecamp.pl\/index.php\/wp-json\/wp\/v2\/users\/1"}],"replies":[{"embeddable":true,"href":"https:\/\/edgecamp.pl\/index.php\/wp-json\/wp\/v2\/comments?post=157"}],"version-history":[{"count":2,"href":"https:\/\/edgecamp.pl\/index.php\/wp-json\/wp\/v2\/pages\/157\/revisions"}],"predecessor-version":[{"id":186,"href":"https:\/\/edgecamp.pl\/index.php\/wp-json\/wp\/v2\/pages\/157\/revisions\/186"}],"up":[{"embeddable":true,"href":"https:\/\/edgecamp.pl\/index.php\/wp-json\/wp\/v2\/pages\/134"}],"wp:attachment":[{"href":"https:\/\/edgecamp.pl\/index.php\/wp-json\/wp\/v2\/media?parent=157"}],"curies":[{"name":"wp","href":"https:\/\/api.w.org\/{rel}","templated":true}]}}