{"id":145,"date":"2024-03-17T17:17:37","date_gmt":"2024-03-17T16:17:37","guid":{"rendered":"https:\/\/edgecamp.pl\/?page_id=145"},"modified":"2024-03-17T19:46:49","modified_gmt":"2024-03-17T18:46:49","slug":"platnosc","status":"publish","type":"page","link":"https:\/\/edgecamp.pl\/index.php\/obozy-letnie-2\/edge-summer-camp-2024\/platnosc\/","title":{"rendered":"P\u0142atno\u015b\u0107"},"content":{"rendered":"\n<p class=\"has-text-align-center\"><strong>Wp\u0142ata zaliczki &#8211; do 7 dni od og\u0142oszenia list kwalifikacyjnych w kwocie 400z\u0142 &#8211; ZALICZKA NIE PODLEGA ZWROTOWI I STANOWI OP\u0141AT\u0118 ORGANIZACYJN\u0104 <\/strong><\/p>\n\n\n\n<p><\/p>\n\n\n\n<div class=\"wp-block-group\"><div class=\"wp-block-group__inner-container is-layout-constrained wp-block-group-is-layout-constrained\">\n<p class=\"has-text-align-center\"><strong>Wp\u0142ata pozosta\u0142ej cz\u0119\u015bci &#8211; nie p\u00f3\u017aniej ni\u017c do 30.05.2024<\/strong><\/p>\n\n\n\n<p>Przelewu dokonujemy na konto:<\/p>\n\n\n\n<p>EDGE Polska S.C.<\/p>\n\n\n\n<p>Pl.Grunwaldzki 4<\/p>\n\n\n\n<p>40-127 Katowice<\/p>\n\n\n\n<p>11 1140 2004 0000 3202 8465 5006<\/p>\n\n\n\n<p>w tytule wpisujemy imi\u0119 i nazwisko uczestnika oraz EDGE Summer Skating Camp.<\/p>\n\n\n\n<p class=\"has-medium-font-size\"><strong>Zwroty:<\/strong><\/p>\n\n\n\n<p>W przypadku rezygnacji z obozu zwrot wp\u0142aconych pieni\u0119dzy zostanie pomniejszony o wysoko\u015b\u0107 zaliczki stanowi\u0105c\u0105 op\u0142at\u0119 organizacyjn\u0105 oraz op\u0142at\u0119 za rezerwacj\u0119 miejsca w wysoko\u015bci:<\/p>\n\n\n\n<ul class=\"wp-block-list\">\n<li>Wi\u0119cej ni\u017c 60 dni przed rozpocz\u0119ciem obozu &#8211; 10% wp\u0142aty &#8211; op\u0142ata za rezerwacj\u0119 miejsca<\/li>\n\n\n\n<li>30-60 dni przed rozpocz\u0119ciem obozu &#8211; 20% wp\u0142aty &#8211; op\u0142ata za rezerwacj\u0119 miejsca<\/li>\n\n\n\n<li>20-30 dni przed rozpocz\u0119ciem obozu &#8211; 50% wp\u0142aty &#8211; op\u0142ata za rezerwacj\u0119 miejsca<\/li>\n\n\n\n<li>Mniej ni\u017c 20 dni przed rozpocz\u0119ciem obozu &#8211; 75% wp\u0142aty &#8211; op\u0142ata za rezerwacj\u0119 miejsca<\/li>\n\n\n\n<li>Mniej ni\u017c 7 dni przed rozpocz\u0119ciem obozu &#8211; 90% wp\u0142aty &#8211; op\u0142ata za rezerwacj\u0119 miejsca<\/li>\n<\/ul>\n\n\n\n<p>W przypadku rezygnacji w trakcie obozu kwota wp\u0142aty nie podlega zwrotowi.<\/p>\n\n\n\n<p>W przypadku rezygnacji uczestnika mo\u017ce on wskaza\u0107 osob\u0119, kt\u00f3ra spe\u0142nia wymagania oraz przejmie na siebie obowi\u0105zki wynikaj\u0105ce z umowy. W takim wypadku uczestnik otrzyma zwrot w wysoko\u015bci 100% wp\u0142aconej kwoty je\u015bli osoba przez niego wskazana ui\u015bci 100% wp\u0142aty za ob\u00f3z w wyznaczonym przez Organizatora terminie.<\/p>\n<\/div><\/div>\n","protected":false},"excerpt":{"rendered":"<p>Wp\u0142ata zaliczki &#8211; do 7 dni od og\u0142oszenia list kwalifikacyjnych w kwocie 400z\u0142 &#8211; ZALICZKA NIE PODLEGA ZWROTOWI I STANOWI OP\u0141AT\u0118 ORGANIZACYJN\u0104 Wp\u0142ata pozosta\u0142ej cz\u0119\u015bci &#8211; nie p\u00f3\u017aniej ni\u017c do 30.05.2024 Przelewu dokonujemy na konto: EDGE Polska S.C. Pl.Grunwaldzki 4 40-127 Katowice 11 1140 2004 0000 3202 8465 5006 w tytule wpisujemy imi\u0119 i nazwisko &hellip; <\/p>\n<p class=\"link-more\"><a href=\"https:\/\/edgecamp.pl\/index.php\/obozy-letnie-2\/edge-summer-camp-2024\/platnosc\/\" class=\"more-link\">Czytaj dalej<span class=\"screen-reader-text\"> \u201eP\u0142atno\u015b\u0107\u201d<\/span><\/a><\/p>\n","protected":false},"author":1,"featured_media":0,"parent":134,"menu_order":0,"comment_status":"closed","ping_status":"closed","template":"","meta":{"footnotes":""},"class_list":["post-145","page","type-page","status-publish","hentry"],"_links":{"self":[{"href":"https:\/\/edgecamp.pl\/index.php\/wp-json\/wp\/v2\/pages\/145","targetHints":{"allow":["GET"]}}],"collection":[{"href":"https:\/\/edgecamp.pl\/index.php\/wp-json\/wp\/v2\/pages"}],"about":[{"href":"https:\/\/edgecamp.pl\/index.php\/wp-json\/wp\/v2\/types\/page"}],"author":[{"embeddable":true,"href":"https:\/\/edgecamp.pl\/index.php\/wp-json\/wp\/v2\/users\/1"}],"replies":[{"embeddable":true,"href":"https:\/\/edgecamp.pl\/index.php\/wp-json\/wp\/v2\/comments?post=145"}],"version-history":[{"count":6,"href":"https:\/\/edgecamp.pl\/index.php\/wp-json\/wp\/v2\/pages\/145\/revisions"}],"predecessor-version":[{"id":211,"href":"https:\/\/edgecamp.pl\/index.php\/wp-json\/wp\/v2\/pages\/145\/revisions\/211"}],"up":[{"embeddable":true,"href":"https:\/\/edgecamp.pl\/index.php\/wp-json\/wp\/v2\/pages\/134"}],"wp:attachment":[{"href":"https:\/\/edgecamp.pl\/index.php\/wp-json\/wp\/v2\/media?parent=145"}],"curies":[{"name":"wp","href":"https:\/\/api.w.org\/{rel}","templated":true}]}}