{"id":143,"date":"2024-03-17T17:10:12","date_gmt":"2024-03-17T16:10:12","guid":{"rendered":"https:\/\/edgecamp.pl\/?page_id=143"},"modified":"2024-03-17T19:47:05","modified_gmt":"2024-03-17T18:47:05","slug":"regulamin-obozu","status":"publish","type":"page","link":"https:\/\/edgecamp.pl\/index.php\/obozy-letnie-2\/edge-summer-camp-2024\/regulamin-obozu\/","title":{"rendered":"Regulamin zgrupowania"},"content":{"rendered":"\n<p><strong>Regulamin obozu<\/strong><\/p>\n\n\n\n<ol class=\"wp-block-list\">\n<li>W zaj\u0119ciach mog\u0105 bra\u0107 udzia\u0142 wszystkie osoby startuj\u0105ce w kategorii solistek i solist\u00f3w, trenuj\u0105ce wyczynowo \u0142y\u017cwiarstwo figurowe.<\/li>\n\n\n\n<li>Osoby poni\u017cej 18 roku \u017cycia powinny by\u0107 zapisane przez opiekun\u00f3w prawnych, kt\u00f3rzy wyra\u017caj\u0105 zgod\u0119 na uczestnictwo podopiecznych w zaj\u0119ciach.<\/li>\n\n\n\n<li>Organizator, w przypadku wyczerpania si\u0119 puli dost\u0119pnych miejsc, zastrzega sobie prawo do wcze\u015bniejszego zamkni\u0119cia listy uczestnik\u00f3w.<\/li>\n\n\n\n<li>Ka\u017cdy Uczestnik powinien posiada\u0107 odpowiedni sprz\u0119t sportowy.<\/li>\n\n\n\n<li>Noszenie bi\u017cuterii i ozd\u00f3b podczas zaj\u0119\u0107 jest wzbronione.<\/li>\n\n\n\n<li>Uczestnik zaj\u0119\u0107 jest zobowi\u0105zany do stosowania si\u0119 do polece\u0144 prowadz\u0105cych.<\/li>\n\n\n\n<li>Uczestnik zaj\u0119\u0107 jest zobowi\u0105zany do zachowania nie zagra\u017caj\u0105cego innym Uczestnikom zaj\u0119\u0107.<\/li>\n\n\n\n<li>Uczestnika obowi\u0105zuje dba\u0142o\u015b\u0107 o dobry stan urz\u0105dze\u0144, udost\u0119pnianego sprz\u0119tu sportowego oraz miejsca treningowego.<\/li>\n\n\n\n<li>Uczestnicy odpowiadaj\u0105 za szkody powsta\u0142e z ich winy. Uczestnik powinien pokry\u0107 powsta\u0142e z tego tytu\u0142u straty.<\/li>\n\n\n\n<li>Uczestnik zobowi\u0105zany jest do przestrzegania regulaminu zaj\u0119\u0107, przepis\u00f3w i innych regulamin\u00f3w obowi\u0105zuj\u0105cych na u\u017cytkowanych obiektach.<\/li>\n\n\n\n<li>Uczestnik o\u015bwiadcza \u017ce nie ma przeciwwskaza\u0144 zdrowotnych do uczestnictwa w zaj\u0119ciach.<\/li>\n\n\n\n<li>Uczestnik powinien posiada\u0107 wa\u017cne ubezpieczenie NNW obejmuj\u0105ce swym zakresem uprawianie wybranego w ramach zaj\u0119\u0107 sportu.<\/li>\n\n\n\n<li>Ka\u017cdy Uczestnik ma prawo przed przyst\u0105pieniem do wykonywania \u0107wicze\u0144 wskazanych przez instruktora odm\u00f3wi\u0107 ich wykonania, uznaj\u0105c je za niebezpieczne dla swego stanu zdrowia. Je\u017celi \u0107wiczenie przekracza mo\u017cliwo\u015bci fizyczne \u0107wicz\u0105cego, powinien zg\u0142osi\u0107 to prowadz\u0105cemu.<\/li>\n\n\n\n<li>W przypadku odniesienia urazu, kontuzji lub z\u0142ego samopoczucia Uczestnik zaj\u0119\u0107 powinien natychmiast zg\u0142osi\u0107 si\u0119 do prowadz\u0105cego i poinformowa\u0107 go o swojej dolegliwo\u015bci.<\/li>\n\n\n\n<li>Organizator nie ponosi odpowiedzialno\u015bci za ewentualne negatywne nast\u0119pstwa dla zdrowia Uczestnika wynikaj\u0105ce z uczestnictwa w wykonywaniu \u0107wicze\u0144 w czasie zaj\u0119\u0107 sportowych organizowanych zgodnie z wszelkimi zasadami sportowymi.<\/li>\n\n\n\n<li>W razie niew\u0142a\u015bciwego zachowania Uczestnika zaj\u0119\u0107, w tym zachowania zagra\u017caj\u0105cego zdrowiu, \u017cyciu, bezpiecze\u0144stwu swojemu i innych Uczestnik\u00f3w lub zachowania dezorganizuj\u0105ce i utrudniaj\u0105ce prowadzenie zaj\u0119\u0107 dla grupy, prowadz\u0105cy zaj\u0119cia ma prawo do wyci\u0105gni\u0119cia wobec niego konsekwencji obejmuj\u0105cych wykluczenie z wykonywania wybranych przez trenera \u0107wicze\u0144, zakaz uczestnictwa w danym treningu, a\u017c do usuni\u0119cia z zaj\u0119\u0107 w\u0142\u0105cznie. Je\u015bli usuniecie uczestnika z zaj\u0119\u0107 nast\u0105pi\u0142o z jego winy, uczestnikowi nie przys\u0142uguje zwrot koszt\u00f3w.<\/li>\n\n\n\n<li>W przypadku rezygnacji z obozu zwrot wp\u0142aconych pieni\u0119dzy zostanie pomniejszony o wysoko\u015b\u0107 zaliczki stanowi\u0105c\u0105 op\u0142at\u0119 organizacyjn\u0105 oraz op\u0142at\u0119 za rezerwacj\u0119 miejsca w wysoko\u015bci:\n<ul class=\"wp-block-list\">\n<li>Wi\u0119cej ni\u017c 60 dni przed rozpocz\u0119ciem obozu &#8211; 10% wp\u0142aty &#8211; op\u0142ata za rezerwacj\u0119 miejsca<\/li>\n\n\n\n<li>30-60 dni przed rozpocz\u0119ciem obozu &#8211; 20% wp\u0142aty &#8211; op\u0142ata za rezerwacj\u0119 miejsca<\/li>\n\n\n\n<li>20-30 dni przed rozpocz\u0119ciem obozu &#8211; 50% wp\u0142aty &#8211; op\u0142ata za rezerwacj\u0119 miejsca<\/li>\n\n\n\n<li>Mniej ni\u017c 20 dni przed rozpocz\u0119ciem obozu &#8211; 75% wp\u0142aty &#8211; op\u0142ata za rezerwacj\u0119 miejsca<\/li>\n\n\n\n<li>Mniej ni\u017c 7 dni przed rozpocz\u0119ciem obozu &#8211; 90% wp\u0142aty &#8211; op\u0142ata za rezerwacj\u0119 miejsca<\/li>\n<\/ul>\n<\/li>\n\n\n\n<li>W przypadku rezygnacji w trakcie obozu kwota wp\u0142aty nie podlega zwrotowi.<\/li>\n\n\n\n<li>W przypadku rezygnacji uczestnika mo\u017ce on wskaza\u0107 osob\u0119, kt\u00f3ra spe\u0142nia wymagania oraz przejmie na siebie obowi\u0105zki wynikaj\u0105ce z umowy. W takim wypadku uczestnik otrzyma zwrot w wysoko\u015bci 100% wp\u0142aconej kwoty je\u015bli osoba przez niego wskazana ui\u015bci 100% wp\u0142aty za ob\u00f3z w wyznaczonym przez Organizatora terminie.<\/li>\n\n\n\n<li>W przypadku gdy wype\u0142niona ankieta umiej\u0119tno\u015bci uczestnika wype\u0142niona w formularzu zg\u0142oszeniowym oka\u017ce si\u0119 znacz\u0105co odbiega\u0107 od umiej\u0119tno\u015bci prezentowanych przez zawodnika mo\u017ce on zosta\u0107 przeniesiony do ni\u017cszej grupy, je\u015bli b\u0119d\u0105 tam wolne miejsca. W innym przypadku mo\u017ce zosta\u0107 wykluczony z cz\u0119\u015bci zaj\u0119\u0107. Nie uprawnia to do zwrotu poniesionych koszt\u00f3w obozu. <\/li>\n\n\n\n<li>Nieobecno\u015b\u0107 na op\u0142aconych zaj\u0119ciach z winy uczestnika, lub w wyniku dzia\u0142ania \u201csi\u0142y wy\u017cszej\u201d nie uprawnia do zwrotu pieni\u0119dzy.<\/li>\n\n\n\n<li>W przypadku nie odbycia si\u0119 zaj\u0119\u0107 z winy Organizatora, lub dzia\u0142ania si\u0142y wy\u017cszej, uczestnikowi przys\u0142uguje zwrot tylko koszt\u00f3w trening\u00f3w.&nbsp;<\/li>\n\n\n\n<li>W przypadku koniecznym Organizator zastrzega sobie prawo do zmiany warunk\u00f3w umowy, ceny (zw\u0142aszcza w przypadku dzia\u0142a\u0144 kontrahent\u00f3w). Organizator ma obowi\u0105zek powiadomi\u0107 o tym Uczestnika ustnie, pisemnie lub e-mailem. Uczestnik powinien powiadomi\u0107 Organizatora o akceptacji warunk\u00f3w lub rezygnacji w ci\u0105gu 3 dni od daty otrzymania zawiadomienia. Brak takiej informacji b\u0119dzie traktowany jako akceptacja nowych warunk\u00f3w.&nbsp;W razie, gdy z przyczyn niezale\u017cnych od Organizatora, w szczeg\u00f3lno\u015bci z powodu z\u0142ych warunk\u00f3w atmosferycznych nie b\u0119dzie mo\u017cliwa w danym dniu realizacja zaj\u0119\u0107 zgodnie z planem,&nbsp;Organizator zapewni realizacj\u0119 innych zaj\u0119\u0107&nbsp;przy maksymalnym wykorzystaniu sprz\u0119tu sportowego.<\/li>\n\n\n\n<li>Organizator nie ponosi odpowiedzialno\u015bci za rzeczy pozostawione w szatni.<\/li>\n\n\n\n<li>W zaj\u0119ciach mog\u0105 bra\u0107 udzia\u0142 tylko osoby zdrowe.<\/li>\n\n\n\n<li>Uczestnik wyra\u017ca zgod\u0119 na publikacj\u0119 wizerunku w materia\u0142ach promocyjnych i mediach spo\u0142eczno\u015bciowych organizatora oraz podmiot\u00f3w wsp\u00f3\u0142pracuj\u0105cych przy realizacji umowy.<\/li>\n\n\n\n<li>Administratorem danych osobowych jest Organizator.<\/li>\n\n\n\n<li>Organizator przetwarza powierzone mu dane wy\u0142\u0105cznie w celu realizacji umowy dotycz\u0105cej organizacji zaj\u0119\u0107 sportowych<\/li>\n\n\n\n<li>Rodzice lub opiekunowie prawni Uczestnika imprezy, kt\u00f3ry nie uko\u0144czy\u0142 18-tego roku wyra\u017caj\u0105 zgod\u0119 na przetwarzanie jego danych osobowych przez Organizatora, w celu realizacji obowi\u0105zk\u00f3w wynikaj\u0105cych z organizacji imprezy. Rodzice\/opiekunowie prawni oraz uczestnicy maj\u0105 prawo wgl\u0105du do swoich danych osobowych oraz ich poprawienia lub usuni\u0119cia.<\/li>\n\n\n\n<li>Reklamacje Uczestnika przyjmowane s\u0105 do 14 dni od zako\u0144czenia imprezy&nbsp;w formie pisemnej (decyduje data z\u0142o\u017cenia u Organizatora, b\u0105d\u017a data stempla pocztowego). Reklamacje dotycz\u0105ce bezpo\u015brednio o\u015brodka lub \u015bwiadcze\u0144 winne by\u0107 zg\u0142aszane na miejscu.<\/li>\n\n\n\n<li>Reklamacje wys\u0142ane po up\u0142ywie terminu okre\u015blonego w ust. 29 nie b\u0119d\u0105 rozpatrywane.<\/li>\n\n\n\n<li>Wszystkie kwestie sporne nieuj\u0119te w niniejszym regulaminie rozstrzyga Organizator.<\/li>\n<\/ol>\n\n\n\n<p><strong>Organizator:<\/strong><\/p>\n\n\n\n<p>EDGE POLSKA S.C.<\/p>\n\n\n\n<p>PL.GRUNWALDZKI 4<\/p>\n\n\n\n<p>40-127 KATOWICE<\/p>\n\n\n\n<p>NIP: 9542737492<\/p>\n\n\n\n<p>tel.691351672<\/p>\n\n\n\n<p class=\"has-text-align-center\"><strong>Zapisanie si\u0119 na ob\u00f3z jest jednoznaczne z akceptacj\u0105 w\/w zasad i regulaminu.<\/strong><\/p>\n","protected":false},"excerpt":{"rendered":"<p>Regulamin obozu Organizator: EDGE POLSKA S.C. PL.GRUNWALDZKI 4 40-127 KATOWICE NIP: 9542737492 tel.691351672 Zapisanie si\u0119 na ob\u00f3z jest jednoznaczne z akceptacj\u0105 w\/w zasad i regulaminu.<\/p>\n","protected":false},"author":1,"featured_media":0,"parent":134,"menu_order":0,"comment_status":"closed","ping_status":"closed","template":"","meta":{"footnotes":""},"class_list":["post-143","page","type-page","status-publish","hentry"],"_links":{"self":[{"href":"https:\/\/edgecamp.pl\/index.php\/wp-json\/wp\/v2\/pages\/143","targetHints":{"allow":["GET"]}}],"collection":[{"href":"https:\/\/edgecamp.pl\/index.php\/wp-json\/wp\/v2\/pages"}],"about":[{"href":"https:\/\/edgecamp.pl\/index.php\/wp-json\/wp\/v2\/types\/page"}],"author":[{"embeddable":true,"href":"https:\/\/edgecamp.pl\/index.php\/wp-json\/wp\/v2\/users\/1"}],"replies":[{"embeddable":true,"href":"https:\/\/edgecamp.pl\/index.php\/wp-json\/wp\/v2\/comments?post=143"}],"version-history":[{"count":4,"href":"https:\/\/edgecamp.pl\/index.php\/wp-json\/wp\/v2\/pages\/143\/revisions"}],"predecessor-version":[{"id":193,"href":"https:\/\/edgecamp.pl\/index.php\/wp-json\/wp\/v2\/pages\/143\/revisions\/193"}],"up":[{"embeddable":true,"href":"https:\/\/edgecamp.pl\/index.php\/wp-json\/wp\/v2\/pages\/134"}],"wp:attachment":[{"href":"https:\/\/edgecamp.pl\/index.php\/wp-json\/wp\/v2\/media?parent=143"}],"curies":[{"name":"wp","href":"https:\/\/api.w.org\/{rel}","templated":true}]}}